{"id":852,"date":"2016-08-22T12:51:01","date_gmt":"2016-08-22T12:51:01","guid":{"rendered":"http:\/\/206.189.96.152\/en\/andge-group\/nautica-palamos\/"},"modified":"2025-08-08T15:14:47","modified_gmt":"2025-08-08T15:14:47","slug":"nautica-palamos","status":"publish","type":"page","link":"https:\/\/www.andgeinvestments.com\/en\/andge-group\/nautica-palamos\/","title":{"rendered":"N\u00e1utica Palam\u00f3s"},"content":{"rendered":"<p>[vc_row][vc_column][vc_column_text]N\u00e1utica Palam\u00f3s is a company operating in pleasure craft sales and maintenance.<br \/>\nOur goal is to make your sailing experience as pleasant as possible and, with the benefit of over thirty years\u2019 experience in the sector, that is the focus of our modern 10,000m2 showroom and large professional team.<br \/>\nN\u00e1utica Palam\u00f3s are able to offer advice on boat selection, whether new or used, as well as on all aspects of craft maintenance, providing all the necessary services for you to get out and enjoy the sea.<br \/>\nWe represent prestigious brands, operating as the official service centre for the sector&#8217;s most representative companies.[\/vc_column_text][\/vc_column][\/vc_row]<\/p>\n<p>[vc_row][vc_column][vc_btn title=&#8221;Web&#8221; color=&#8221;primary&#8221; link=&#8221;url:http%3A%2F%2Fwww.nauticapalamos.com%2F||target:%20_blank|&#8221;][\/vc_column][\/vc_row]<\/p>\n","protected":false},"excerpt":{"rendered":"<p>[vc_row][vc_column][vc_column_text]N\u00e1utica Palam\u00f3s is a company operating in pleasure craft sales and maintenance. Our goal is to make your sailing experience as pleasant as possible and, with the benefit of over thirty years\u2019 experience in the sector, that is the focus of our modern 10,000m2 showroom and large professional team. N\u00e1utica Palam\u00f3s are able to offer [&hellip;]<\/p>\n","protected":false},"author":1,"featured_media":0,"parent":843,"menu_order":0,"comment_status":"closed","ping_status":"closed","template":"","meta":{"footnotes":""},"class_list":["post-852","page","type-page","status-publish","hentry"],"_links":{"self":[{"href":"https:\/\/www.andgeinvestments.com\/en\/wp-json\/wp\/v2\/pages\/852","targetHints":{"allow":["GET"]}}],"collection":[{"href":"https:\/\/www.andgeinvestments.com\/en\/wp-json\/wp\/v2\/pages"}],"about":[{"href":"https:\/\/www.andgeinvestments.com\/en\/wp-json\/wp\/v2\/types\/page"}],"author":[{"embeddable":true,"href":"https:\/\/www.andgeinvestments.com\/en\/wp-json\/wp\/v2\/users\/1"}],"replies":[{"embeddable":true,"href":"https:\/\/www.andgeinvestments.com\/en\/wp-json\/wp\/v2\/comments?post=852"}],"version-history":[{"count":6,"href":"https:\/\/www.andgeinvestments.com\/en\/wp-json\/wp\/v2\/pages\/852\/revisions"}],"predecessor-version":[{"id":1181,"href":"https:\/\/www.andgeinvestments.com\/en\/wp-json\/wp\/v2\/pages\/852\/revisions\/1181"}],"up":[{"embeddable":true,"href":"https:\/\/www.andgeinvestments.com\/en\/wp-json\/wp\/v2\/pages\/843"}],"wp:attachment":[{"href":"https:\/\/www.andgeinvestments.com\/en\/wp-json\/wp\/v2\/media?parent=852"}],"curies":[{"name":"wp","href":"https:\/\/api.w.org\/{rel}","templated":true}]}}